{"id":107,"date":"2014-02-19T12:55:55","date_gmt":"2014-02-19T10:55:55","guid":{"rendered":"https:\/\/choryfeen-kirchardt.de\/?page_id=107"},"modified":"2023-01-04T17:44:14","modified_gmt":"2023-01-04T16:44:14","slug":"maennerchor","status":"publish","type":"page","link":"https:\/\/choryfeen-kirchardt.de\/?page_id=107","title":{"rendered":"M\u00e4nnerchor"},"content":{"rendered":"<p>In den 150 Jahre seines Bestehens konnte der M\u00e4nnerchor des S\u00e4ngerbund Kirchardt stets auf hohem Niveau singen und viele musikalischen Erfolge erzielen. Leider erging es unseren M\u00e4nnern so wie vielen traditionellen Ch\u00f6ren: Mangels Nachwuchs wurde die qualitative Chorarbeit immer schwieriger, und daher ist der Chor momentan inaktiv und hatte bei unserem geistlichen Konzert 2013 seinen letzten \u00f6ffentlichen Auftritt. Hier ein Mitschnitt des &#8222;Ihr von Morgen&#8220;, mit dem sich die M\u00e4nner von ihrem bewegten Publikum verabschiedet haben:<\/p>\n<p><iframe loading=\"lazy\" src=\"\/\/www.youtube.com\/embed\/Mx5ykZo94nE\" width=\"560\" height=\"315\" frameborder=\"0\" allowfullscreen=\"allowfullscreen\"><\/iframe><\/p>\n<hr \/>\n<p><iframe loading=\"lazy\" title=\"Wo Liebe ist wird Frieden sein (Groll)\" width=\"1170\" height=\"658\" src=\"https:\/\/www.youtube.com\/embed\/re4Qv4LMzqA?feature=oembed\" frameborder=\"0\" allow=\"accelerometer; autoplay; clipboard-write; encrypted-media; gyroscope; picture-in-picture; web-share\" allowfullscreen><\/iframe><\/p>\n","protected":false},"excerpt":{"rendered":"<p>In den 150 Jahre seines Bestehens konnte der M\u00e4nnerchor des S\u00e4ngerbund Kirchardt stets auf hohem Niveau singen und viele musikalischen Erfolge erzielen. Leider erging es unseren M\u00e4nnern so wie vielen traditionellen Ch\u00f6ren: Mangels Nachwuchs wurde die qualitative Chorarbeit immer schwieriger, und daher ist der Chor momentan inaktiv und hatte bei unserem geistlichen Konzert 2013 seinen [&hellip;]<\/p>\n","protected":false},"author":1,"featured_media":120,"parent":0,"menu_order":0,"comment_status":"closed","ping_status":"open","template":"","meta":{"footnotes":""},"class_list":["post-107","page","type-page","status-publish","has-post-thumbnail","czr-hentry"],"_links":{"self":[{"href":"https:\/\/choryfeen-kirchardt.de\/index.php?rest_route=\/wp\/v2\/pages\/107","targetHints":{"allow":["GET"]}}],"collection":[{"href":"https:\/\/choryfeen-kirchardt.de\/index.php?rest_route=\/wp\/v2\/pages"}],"about":[{"href":"https:\/\/choryfeen-kirchardt.de\/index.php?rest_route=\/wp\/v2\/types\/page"}],"author":[{"embeddable":true,"href":"https:\/\/choryfeen-kirchardt.de\/index.php?rest_route=\/wp\/v2\/users\/1"}],"replies":[{"embeddable":true,"href":"https:\/\/choryfeen-kirchardt.de\/index.php?rest_route=%2Fwp%2Fv2%2Fcomments&post=107"}],"version-history":[{"count":12,"href":"https:\/\/choryfeen-kirchardt.de\/index.php?rest_route=\/wp\/v2\/pages\/107\/revisions"}],"predecessor-version":[{"id":745,"href":"https:\/\/choryfeen-kirchardt.de\/index.php?rest_route=\/wp\/v2\/pages\/107\/revisions\/745"}],"wp:featuredmedia":[{"embeddable":true,"href":"https:\/\/choryfeen-kirchardt.de\/index.php?rest_route=\/wp\/v2\/media\/120"}],"wp:attachment":[{"href":"https:\/\/choryfeen-kirchardt.de\/index.php?rest_route=%2Fwp%2Fv2%2Fmedia&parent=107"}],"curies":[{"name":"wp","href":"https:\/\/api.w.org\/{rel}","templated":true}]}}