{"id":109,"date":"2014-02-19T13:13:35","date_gmt":"2014-02-19T11:13:35","guid":{"rendered":"https:\/\/choryfeen-kirchardt.de\/?page_id=109"},"modified":"2016-09-04T16:42:16","modified_gmt":"2016-09-04T14:42:16","slug":"ueber-uns","status":"publish","type":"page","link":"https:\/\/choryfeen-kirchardt.de\/?page_id=109","title":{"rendered":"\u00dcber uns"},"content":{"rendered":"<p>&nbsp;<\/p>\n<p>Hier gibt&#8217;s alles Wichtige und Interessante \u00fcber uns:<\/p>\n<ul>\n<li><a title=\"ChoryFeen\" href=\"https:\/\/choryfeen-kirchardt.de\/?page_id=2\">ChoryFeen<\/a><\/li>\n<li><a title=\"M\u00e4nnerchor\" href=\"https:\/\/choryfeen-kirchardt.de\/?page_id=107\">M\u00e4nnerchor<\/a><\/li>\n<li><a title=\"Chorleiter\" href=\"https:\/\/choryfeen-kirchardt.de\/?page_id=35\">Chorleiter<\/a><\/li>\n<li><a href=\"https:\/\/choryfeen-kirchardt.de\/?page_id=153\">Vereinsf\u00fchrung<\/a><\/li>\n<\/ul>\n<p>&nbsp;<\/p>\n<p>Interssantes und Wissenswertes au\u00dferdem in unserer Festschrift zum 150-j\u00e4hrigen (2013):<\/p>\n<div data-url=\"https:\/\/issuu.com\/stefi4\/docs\/festschrift\" style=\"width: 1170px; height: 827px;\" class=\"issuuembed\"><\/div>\n<p><script type=\"text\/javascript\" src=\"\/\/e.issuu.com\/embed.js\" async=\"true\"><\/script><\/p>\n<p>&nbsp;<\/p>\n<p>&nbsp;<\/p>\n","protected":false},"excerpt":{"rendered":"<p>&nbsp; Hier gibt&#8217;s alles Wichtige und Interessante \u00fcber uns: ChoryFeen M\u00e4nnerchor Chorleiter Vereinsf\u00fchrung &nbsp; Interssantes und Wissenswertes au\u00dferdem in unserer Festschrift zum 150-j\u00e4hrigen (2013): &nbsp; &nbsp;<\/p>\n","protected":false},"author":1,"featured_media":0,"parent":53,"menu_order":0,"comment_status":"closed","ping_status":"open","template":"","meta":{"footnotes":""},"class_list":["post-109","page","type-page","status-publish","czr-hentry"],"_links":{"self":[{"href":"https:\/\/choryfeen-kirchardt.de\/index.php?rest_route=\/wp\/v2\/pages\/109","targetHints":{"allow":["GET"]}}],"collection":[{"href":"https:\/\/choryfeen-kirchardt.de\/index.php?rest_route=\/wp\/v2\/pages"}],"about":[{"href":"https:\/\/choryfeen-kirchardt.de\/index.php?rest_route=\/wp\/v2\/types\/page"}],"author":[{"embeddable":true,"href":"https:\/\/choryfeen-kirchardt.de\/index.php?rest_route=\/wp\/v2\/users\/1"}],"replies":[{"embeddable":true,"href":"https:\/\/choryfeen-kirchardt.de\/index.php?rest_route=%2Fwp%2Fv2%2Fcomments&post=109"}],"version-history":[{"count":4,"href":"https:\/\/choryfeen-kirchardt.de\/index.php?rest_route=\/wp\/v2\/pages\/109\/revisions"}],"predecessor-version":[{"id":561,"href":"https:\/\/choryfeen-kirchardt.de\/index.php?rest_route=\/wp\/v2\/pages\/109\/revisions\/561"}],"up":[{"embeddable":true,"href":"https:\/\/choryfeen-kirchardt.de\/index.php?rest_route=\/wp\/v2\/pages\/53"}],"wp:attachment":[{"href":"https:\/\/choryfeen-kirchardt.de\/index.php?rest_route=%2Fwp%2Fv2%2Fmedia&parent=109"}],"curies":[{"name":"wp","href":"https:\/\/api.w.org\/{rel}","templated":true}]}}