{"id":622,"date":"2018-11-18T12:30:53","date_gmt":"2018-11-18T10:30:53","guid":{"rendered":"https:\/\/choryfeen-kirchardt.de\/?page_id=622"},"modified":"2023-01-12T13:24:47","modified_gmt":"2023-01-12T12:24:47","slug":"impressum-datenschutz","status":"publish","type":"page","link":"https:\/\/choryfeen-kirchardt.de\/?page_id=622","title":{"rendered":"Impressum\/Datenschutz"},"content":{"rendered":"<h3>Impressum\/Datenschutz<\/h3>\n<table class=\"contentpara\" border=\"0\" width=\"100%\" cellspacing=\"0\" cellpadding=\"10\">\n<tbody>\n<tr>\n<td><strong>Angaben gem\u00e4\u00df \u00a7 5 TMG: <\/strong><\/p>\n<p>S\u00e4ngerbund Kirchardt e.V.<br \/>\nFliederstra\u00dfe 4<br \/>\n74912 Kirchardt<\/p>\n<p><b>Vertreten durch<\/b><br \/>\n1. Vorsitzende Angelina Ehrhardt<br \/>\nstellvertretende Vorsitzende Meike Superina<\/p>\n<p><strong>Kontakt<\/strong><br \/>\nTel: 0162 4249157<br \/>\nE-Mail: vorstand[at]choryfeen-kirchardt.de<\/p>\n<p><strong>Registereintrag<\/strong><br \/>\nEintragung im Vereinsregister<br \/>\nRegisternummer: VR 101801<br \/>\nRegistergericht: Amtsgericht Stuttgart<\/p>\n<p><strong>Quelle des Impressums und der Datenschutzerkl\u00e4rung<\/strong><br \/>\n<a href=\"https:\/\/www.e-recht24.de\">https:\/\/www.e-recht24.de<\/a>; RA Christian Heieck, Altensteig<\/p>\n<p><span style=\"font-size: small;\"><strong>Inhaltlich Verantwortlicher gem\u00e4\u00df \u00a7 10 Absatz 3 MDStV:<\/strong><\/span><\/p>\n<p><span style=\"font-size: small;\">Stefan Fieser<\/span><\/p>\n<p><strong>Haftung f\u00fcr Inhalte<\/strong><\/p>\n<p>Als Diensteanbieter sind wir gem\u00e4\u00df \u00a7 7 Abs.1 TMG f\u00fcr eigene Inhalte auf diesen Seiten nach den allgemeinen Gesetzen verantwortlich. Nach \u00a7\u00a7 8 bis 10 TMG sind wir als Diensteanbieter jedoch nicht verpflichtet, \u00fcbermittelte oder gespeicherte fremde Informationen zu \u00fcberwachen oder nach Umst\u00e4nden zu forschen, die auf eine rechtswidrige T\u00e4tigkeit hinweisen.<\/p>\n<p>Verpflichtungen zur Entfernung oder Sperrung der Nutzung von Informationen nach den allgemeinen Gesetzen bleiben hiervon unber\u00fchrt. Eine diesbez\u00fcgliche Haftung ist jedoch erst ab dem Zeitpunkt der Kenntnis einer konkreten Rechtsverletzung m\u00f6glich. Bei Bekanntwerden von entsprechenden Rechtsverletzungen werden wir diese Inhalte umgehend entfernen.<\/p>\n<p><strong>Haftung f\u00fcr Links<\/strong><\/p>\n<p>Unser Angebot enth\u00e4lt Links zu externen Webseiten Dritter, auf deren Inhalte wir keinen Einfluss haben. Deshalb k\u00f6nnen wir f\u00fcr diese fremden Inhalte auch keine Gew\u00e4hr \u00fcbernehmen. F\u00fcr die Inhalte der verlinkten Seiten ist stets der jeweilige Anbieter oder Betreiber der Seiten verantwortlich. Die verlinkten Seiten wurden zum Zeitpunkt der Verlinkung auf m\u00f6gliche Rechtsverst\u00f6\u00dfe \u00fcberpr\u00fcft. Rechtswidrige Inhalte waren zum Zeitpunkt der Verlinkung nicht erkennbar.<\/p>\n<p>Eine permanente inhaltliche Kontrolle der verlinkten Seiten ist jedoch ohne konkrete Anhaltspunkte einer Rechtsverletzung nicht zumutbar. Bei Bekanntwerden von Rechtsverletzungen werden wir derartige Links umgehend entfernen.<\/p>\n<p><strong>Urheberrecht<\/strong><\/p>\n<p>Die durch die Seitenbetreiber erstellten Inhalte und Werke auf diesen Seiten unterliegen dem deutschen Urheberrecht. Die Vervielf\u00e4ltigung, Bearbeitung, Verbreitung und jede Art der Verwertung au\u00dferhalb der Grenzen des Urheberrechtes bed\u00fcrfen der schriftlichen Zustimmung des jeweiligen Autors bzw. Erstellers. Downloads und Kopien dieser Seite sind nur f\u00fcr den privaten, nicht kommerziellen Gebrauch gestattet.<\/p>\n<p>Soweit die Inhalte auf dieser Seite nicht vom Betreiber erstellt wurden, werden die Urheberrechte Dritter beachtet. Insbesondere werden Inhalte Dritter als solche gekennzeichnet. Sollten Sie trotzdem auf eine Urheberrechtsverletzung aufmerksam werden, bitten wir um einen entsprechenden Hinweis. Bei Bekanntwerden von Rechtsverletzungen werden wir derartige Inhalte umgehend entfernen.<\/p>\n<p><strong>Datenschutz<\/strong><\/p>\n<p>Der S\u00e4ngerbund Kirchardt e.V. (Verein) nimmt den Schutz personenbezogener Daten seiner Mitglieder und seiner Partner ernst; er hat durch technische und organisatorische Ma\u00dfnahmen sichergestellt, dass die gesetzlichen Vorschriften \u00fcber den Datenschutz sowohl von ihm als auch von externen Dienstleistern beachtet und eingehalten werden.<br \/>\nDie Beachtung dieser Verpflichtung wird vom Verein regelm\u00e4\u00dfig kontrolliert.<br \/>\nDie Erhebung, Verarbeitung, Nutzung und Weitergabe von Daten erfolgt zum einen mit Einverst\u00e4ndnis des Dateninhabers, andererseits ausschlie\u00dflich zum Zweck der Erf\u00fcllung der Pflichten des Vereins.<br \/>\nDie Weitergabe an Dritte erfolgt nur aus zwingenden Gr\u00fcnden und im Interesse des Vereins.<br \/>\nDas betroffene Vereinsmitglied hat jederzeit die M\u00f6glichkeit, sich \u00fcber die Verwendung und den Verbleib seiner gesch\u00fctzten Daten zu informieren; er hat Anspruch auf Dokumentation der Einhaltung datenschutzrechtlicher Bestimmungen in Bezug auf ihn. Er hat das Recht, jederzeit eine erteilte Einwilligung zu widerrufen und die L\u00f6schung seiner Daten zu verlangen, Art. 17 DS-GVO.<br \/>\nPartner des Vereins und Dritte werden durch die Einhaltung der Datenschutzbestimmungen durch die Verantwortlichen des Verbandes in gleicher Weise gesch\u00fctzt.<br \/>\nEs findet kein Verkauf oder keine unentgeltliche Weitergabe von Daten Dritter oder Partner des Vereinss statt, es sei denn, es l\u00e4ge eine entsprechende Einwilligung vor.<br \/>\nBei der Einschaltung externer Dienstleister, denen personenbezogene Daten zur Verf\u00fcgung gestellt werden m\u00fcssen, ist durch Abschluss eines entsprechenden Vertrages sichergestellt, dass die Datenschutzbestimmungen in gleicher Weise auch vom beauftragten Unternehmen eingehalten werden.<br \/>\nIm Fall des Widerrufs oder der Anzeige von falsch erhobenen Daten werden diese sofort gel\u00f6scht, Art. 21, 18 DS-GVO. Auf das Beschwerderecht bei einer Datenschutzaufsichtsbeh\u00f6rde (Art. 77 DS-GVO i. V. m. \u00a7 19 BDSG) wird ausdr\u00fccklich hingewiesen. F\u00fcr uns zust\u00e4ndig ist der Landesbeauftragte f\u00fcr den Datenschutz und die Informationsfreiheit Baden-W\u00fcrttemberg, K\u00f6nigstra\u00dfe 10a, 70173 Stuttgart.<br \/>\nF\u00fcr Datenschutz und Datenverarbeitung in unserem Verband verantwortlich:<br \/>\nAnette Herrmann, Vorsitzende des S\u00e4ngerbund Kirchardt, H\u00f6henstra\u00dfe 1, 74912 Kirchardt<\/td>\n<\/tr>\n<\/tbody>\n<\/table>\n","protected":false},"excerpt":{"rendered":"<p>Impressum\/Datenschutz Angaben gem\u00e4\u00df \u00a7 5 TMG: S\u00e4ngerbund Kirchardt e.V. Fliederstra\u00dfe 4 74912 Kirchardt Vertreten durch 1. Vorsitzende Angelina Ehrhardt stellvertretende Vorsitzende Meike Superina Kontakt Tel: 0162 4249157 E-Mail: vorstand[at]choryfeen-kirchardt.de Registereintrag Eintragung im Vereinsregister Registernummer: VR 101801 Registergericht: Amtsgericht Stuttgart Quelle des Impressums und der Datenschutzerkl\u00e4rung https:\/\/www.e-recht24.de; RA Christian Heieck, Altensteig Inhaltlich Verantwortlicher gem\u00e4\u00df \u00a7 10 [&hellip;]<\/p>\n","protected":false},"author":1,"featured_media":0,"parent":0,"menu_order":0,"comment_status":"closed","ping_status":"closed","template":"","meta":{"footnotes":""},"class_list":["post-622","page","type-page","status-publish","czr-hentry"],"_links":{"self":[{"href":"https:\/\/choryfeen-kirchardt.de\/index.php?rest_route=\/wp\/v2\/pages\/622","targetHints":{"allow":["GET"]}}],"collection":[{"href":"https:\/\/choryfeen-kirchardt.de\/index.php?rest_route=\/wp\/v2\/pages"}],"about":[{"href":"https:\/\/choryfeen-kirchardt.de\/index.php?rest_route=\/wp\/v2\/types\/page"}],"author":[{"embeddable":true,"href":"https:\/\/choryfeen-kirchardt.de\/index.php?rest_route=\/wp\/v2\/users\/1"}],"replies":[{"embeddable":true,"href":"https:\/\/choryfeen-kirchardt.de\/index.php?rest_route=%2Fwp%2Fv2%2Fcomments&post=622"}],"version-history":[{"count":4,"href":"https:\/\/choryfeen-kirchardt.de\/index.php?rest_route=\/wp\/v2\/pages\/622\/revisions"}],"predecessor-version":[{"id":779,"href":"https:\/\/choryfeen-kirchardt.de\/index.php?rest_route=\/wp\/v2\/pages\/622\/revisions\/779"}],"wp:attachment":[{"href":"https:\/\/choryfeen-kirchardt.de\/index.php?rest_route=%2Fwp%2Fv2%2Fmedia&parent=622"}],"curies":[{"name":"wp","href":"https:\/\/api.w.org\/{rel}","templated":true}]}}